{"id":104,"date":"2019-09-18T18:02:53","date_gmt":"2019-09-18T16:02:53","guid":{"rendered":"https:\/\/www.sociologie-clinique.org\/brasil\/?page_id=104"},"modified":"2019-09-18T18:02:53","modified_gmt":"2019-09-18T16:02:53","slug":"apresentacao","status":"publish","type":"page","link":"https:\/\/www.sociologie-clinique.org\/brasil\/apresentacao\/","title":{"rendered":"Apresenta\u00e7\u00e3o"},"content":{"rendered":"<p>O programa da sociologia cl\u00ednica remete \u00e0 origem etimol\u00f3gica da palavra cl\u00ednica, do grego <em>klin\u00e8<\/em>, que significa \u201cestar ao lado do leito para ajudar uma pessoa que sofre\u201d. Ou seja, o soci\u00f3logo cl\u00ednico se prop\u00f5e a \u201cestar perto do vivido\u201d dos indiv\u00edduos, grupos, organiza\u00e7\u00f5es, institui\u00e7\u00f5es e outras forma\u00e7\u00f5es sociais. N\u00e3o se trata de a\u00e7\u00e3o terap\u00eautica, mesmo que ocorram efeitos terap\u00eauticos, tal como ocorre em outras interven\u00e7\u00f5es no social. Para tanto, a sociologia cl\u00ednica se prop\u00f5e a realizar uma an\u00e1lise do social tendo como marco de refer\u00eancia tr\u00eas reflex\u00f5es primordiais: a an\u00e1lise das articula\u00e7\u00f5es entre os determinismos sociais e os determinismos ps\u00edquicos; a quest\u00e3o do sujeito nas ci\u00eancias humanas e sociais; a abordagem cl\u00ednica como condi\u00e7\u00e3o necess\u00e1ria ao desenvolvimento de uma sociologia cr\u00edtica.<\/p>\n<p>No Brasil, a sociologia cl\u00ednica se desenvolve a partir da articula\u00e7\u00e3o entre pesquisadores brasileiros e franceses iniciada nos anos 1980 e e fortalecida ao longo das \u00faltimas duas d\u00e9cadas. O crescimento do campo da sociologia cl\u00ednica ocorre em diversas cidades\u00a0de maneira descentralizada, com os grupos geograficamente espalhados mantendo rela\u00e7\u00f5es com a Rede Internacional de Sociologia Cl\u00ednica (RISC) de modo mais ou menos aut\u00f4nomo.<\/p>\n<p>Pesquisadores e profissionais n\u00e3o necessariamente ligados institucionalmente a institui\u00e7\u00f5es de ensino e pesquisa t\u00eam atuado no campo da sociologia cl\u00ednica, contribuindo para o desenvolvimento de suas ferramentas te\u00f3ricas e metodol\u00f3gicas nos processos de interven\u00e7\u00e3o e para a reflex\u00e3o a respeito dos potenciais e limites da abordagem cl\u00ednica nas ci\u00eancias sociais. Nos \u00faltimos anos, observa-se o crescimento da quantidade de estudantes de gradua\u00e7\u00e3o e de p\u00f3s-gradua\u00e7\u00e3o que participam dos grupos de pesquisa e de programas de interc\u00e2mbio, como o doutorado-sandu\u00edche, articulados pelos membros da RISC, o que confirma a import\u00e2ncia da Rede (em sua atua\u00e7\u00e3o nacional e internacional) na forma\u00e7\u00e3o de jovens especialistas.<\/p>\n<p>Pesquisadores pertencentes \u00e0 RISC t\u00eam organizado eventos, desenvolvido pesquisas e publicado v\u00e1rias obras que contribuem para o fortalecimento da sociologia cl\u00ednica no Brasil. Deve-se destacar tamb\u00e9m a participa\u00e7\u00e3o e organiza\u00e7\u00e3o de Grupos de Trabalho espec\u00edficos da sociologia cl\u00ednica em eventos nacionais e internacionais, como o Congresso Brasileiro de Sociologia, organizado pela Sociedade Brasileira de Sociologia (SBS), os encontros da Associa\u00e7\u00e3o Internacional de Sociologia (ISA) e da Associa\u00e7\u00e3o Internacional de Soci\u00f3logos de L\u00edngua Francesa (AISLF).<\/p>\n<p><strong>Em Montevid\u00e9u, no congresso da ALAS (em dezembro de 2017), foi criado o <a href=\"http:\/\/www.sociologie-clinique.org\/latinoamerica\/\"><em>Node Latin American RISC<\/em><\/a>.<br \/>\n<\/strong><\/p>\n<p>&nbsp;<\/p>\n","protected":false},"excerpt":{"rendered":"<p>O programa da sociologia cl\u00ednica remete \u00e0 origem etimol\u00f3gica da palavra cl\u00ednica, do grego klin\u00e8, que significa \u201cestar ao lado do leito para ajudar uma pessoa que sofre\u201d. Ou seja, o soci\u00f3logo cl\u00ednico se prop\u00f5e a \u201cestar perto do vivido\u201d dos indiv\u00edduos, grupos, organiza\u00e7\u00f5es, institui\u00e7\u00f5es e outras forma\u00e7\u00f5es sociais. N\u00e3o se trata de a\u00e7\u00e3o terap\u00eautica, [&hellip;]<\/p>\n","protected":false},"author":3,"featured_media":0,"parent":0,"menu_order":0,"comment_status":"closed","ping_status":"closed","template":"","meta":{"footnotes":""},"class_list":["post-104","page","type-page","status-publish","hentry"],"_links":{"self":[{"href":"https:\/\/www.sociologie-clinique.org\/brasil\/wp-json\/wp\/v2\/pages\/104","targetHints":{"allow":["GET"]}}],"collection":[{"href":"https:\/\/www.sociologie-clinique.org\/brasil\/wp-json\/wp\/v2\/pages"}],"about":[{"href":"https:\/\/www.sociologie-clinique.org\/brasil\/wp-json\/wp\/v2\/types\/page"}],"author":[{"embeddable":true,"href":"https:\/\/www.sociologie-clinique.org\/brasil\/wp-json\/wp\/v2\/users\/3"}],"replies":[{"embeddable":true,"href":"https:\/\/www.sociologie-clinique.org\/brasil\/wp-json\/wp\/v2\/comments?post=104"}],"version-history":[{"count":1,"href":"https:\/\/www.sociologie-clinique.org\/brasil\/wp-json\/wp\/v2\/pages\/104\/revisions"}],"predecessor-version":[{"id":105,"href":"https:\/\/www.sociologie-clinique.org\/brasil\/wp-json\/wp\/v2\/pages\/104\/revisions\/105"}],"wp:attachment":[{"href":"https:\/\/www.sociologie-clinique.org\/brasil\/wp-json\/wp\/v2\/media?parent=104"}],"curies":[{"name":"wp","href":"https:\/\/api.w.org\/{rel}","templated":true}]}}