{"id":27,"date":"2018-03-02T23:01:45","date_gmt":"2018-03-02T22:01:45","guid":{"rendered":"https:\/\/www.sociologie-clinique.org\/canada\/?page_id=27"},"modified":"2020-01-08T14:05:02","modified_gmt":"2020-01-08T13:05:02","slug":"actualites-news","status":"publish","type":"page","link":"https:\/\/www.sociologie-clinique.org\/canada\/","title":{"rendered":"Actualit\u00e9s\/News"},"content":{"rendered":"<p><strong><div class=\"pt-cv-wrapper\"><div class=\"pt-cv-view pt-cv-grid pt-cv-colsys\" id=\"pt-cv-view-d8fa76brfq\"><div data-id=\"pt-cv-page-1\" class=\"pt-cv-page\" data-cvc=\"3\"><div class=\"col-md-4 col-sm-6 col-xs-12 pt-cv-content-item pt-cv-1-col\" ><div class='pt-cv-ifield'><a href=\"https:\/\/www.sociologie-clinique.org\/canada\/parution-formations-en-interculturel\/\" class=\"_self pt-cv-href-thumbnail pt-cv-thumb-default\" target=\"_self\" ><img loading=\"lazy\" decoding=\"async\" width=\"200\" height=\"300\" src=\"https:\/\/www.sociologie-clinique.org\/canada\/wp-content\/uploads\/sites\/5\/2026\/03\/280x0_D6337_pn5-200x300.jpg\" class=\"pt-cv-thumbnail\" alt=\"\" \/><\/a>\n<h4 class=\"pt-cv-title\"><a href=\"https:\/\/www.sociologie-clinique.org\/canada\/parution-formations-en-interculturel\/\" class=\"_self\" target=\"_self\" >Parution : Formations en interculturel<\/a><\/h4>\n<div class=\"pt-cv-content\">Ouvrage collectif sous la direction de Jorge Frozzini et Maude Arsenault, avec la collaboration de Diane Laroche et Jacques Rh\u00e9aume ...<br \/><div class=\"pt-cv-rmwrap\"><a href=\"https:\/\/www.sociologie-clinique.org\/canada\/parution-formations-en-interculturel\/\" class=\"_self pt-cv-readmore btn btn-success\" target=\"_self\">...<\/a><\/div><\/div><\/div><\/div>\n<div class=\"col-md-4 col-sm-6 col-xs-12 pt-cv-content-item pt-cv-1-col\" ><div class='pt-cv-ifield'><a href=\"https:\/\/www.sociologie-clinique.org\/assemblee-generale-asamblea-general-assembleia-geral-lundi-lunes-seg-9-03-a-14h30-paris-france\/\" class=\"_self pt-cv-href-thumbnail pt-cv-thumb-default\" target=\"_self\" ><img loading=\"lazy\" decoding=\"async\" width=\"259\" height=\"250\" src=\"https:\/\/www.sociologie-clinique.org\/canada\/wp-content\/uploads\/sites\/5\/2023\/02\/risc_logo.png\" class=\"pt-cv-thumbnail\" alt=\"\" \/><\/a>\n<h4 class=\"pt-cv-title\"><a href=\"https:\/\/www.sociologie-clinique.org\/assemblee-generale-asamblea-general-assembleia-geral-lundi-lunes-seg-9-03-a-14h30-paris-france\/\" class=\"_self\" target=\"_self\" >Assembl\u00e9e G\u00e9n\u00e9rale &#8211; Asamblea General -Assembleia Geral &#8211; Lundi \/ Lunes \/ Seg. : 9\/03 \u00e0 14h30 (Paris, France)<\/a><\/h4>\n<div class=\"pt-cv-content\">---&gt; Rendez-vous lundi 9 mars pour \u00e9changer et construire les activit\u00e9s du RISC - Cita el lunes 9 de marzo ...<br \/><div class=\"pt-cv-rmwrap\"><a href=\"https:\/\/www.sociologie-clinique.org\/assemblee-generale-asamblea-general-assembleia-geral-lundi-lunes-seg-9-03-a-14h30-paris-france\/\" class=\"_self pt-cv-readmore btn btn-success\" target=\"_self\">...<\/a><\/div><\/div><\/div><\/div>\n<div class=\"col-md-4 col-sm-6 col-xs-12 pt-cv-content-item pt-cv-1-col\" ><div class='pt-cv-ifield'><a href=\"https:\/\/www.sociologie-clinique.org\/canada\/nouvelle-session-de-gir-au-centre-st-pierre-2025-2026\/\" class=\"_self pt-cv-href-thumbnail pt-cv-thumb-default\" target=\"_self\" ><img loading=\"lazy\" decoding=\"async\" width=\"286\" height=\"300\" src=\"https:\/\/www.sociologie-clinique.org\/canada\/wp-content\/uploads\/sites\/5\/2025\/11\/GIR-Centre-st-pierre-2025-26-286x300.png\" class=\"pt-cv-thumbnail\" alt=\"\" \/><\/a>\n<h4 class=\"pt-cv-title\"><a href=\"https:\/\/www.sociologie-clinique.org\/canada\/nouvelle-session-de-gir-au-centre-st-pierre-2025-2026\/\" class=\"_self\" target=\"_self\" >Nouvelle session de GIR au Centre St Pierre (2025-2026)<\/a><\/h4>\n<div class=\"pt-cv-content\">Diff\u00e9rents groupes d'implication et de recherche (GIR) sont propos\u00e9s au Centre St Pierre (Montr\u00e9al) en 2025-2026. Inscriptions : directement au ...<br \/><div class=\"pt-cv-rmwrap\"><a href=\"https:\/\/www.sociologie-clinique.org\/canada\/nouvelle-session-de-gir-au-centre-st-pierre-2025-2026\/\" class=\"_self pt-cv-readmore btn btn-success\" target=\"_self\">...<\/a><\/div><\/div><\/div><\/div>\n<div class=\"col-md-4 col-sm-6 col-xs-12 pt-cv-content-item pt-cv-1-col\" ><div class='pt-cv-ifield'><a href=\"https:\/\/www.sociologie-clinique.org\/canada\/rqsc-reseau-quebecois-de-sociologie-clinique-symposium-de-fondation\/\" class=\"_self pt-cv-href-thumbnail pt-cv-thumb-default\" target=\"_self\" ><img loading=\"lazy\" decoding=\"async\" width=\"300\" height=\"300\" src=\"https:\/\/www.sociologie-clinique.org\/canada\/wp-content\/uploads\/sites\/5\/2025\/09\/Fondation-RQSC_270925-300x300.jpg\" class=\"pt-cv-thumbnail\" alt=\"\" \/><\/a>\n<h4 class=\"pt-cv-title\"><a href=\"https:\/\/www.sociologie-clinique.org\/canada\/rqsc-reseau-quebecois-de-sociologie-clinique-symposium-de-fondation\/\" class=\"_self\" target=\"_self\" >RQSC R\u00e9seau Qu\u00e9b\u00e9cois de Sociologie Clinique &#8211; symposium de fondation<\/a><\/h4>\n<div class=\"pt-cv-content\">Le symposium de fondation du RQSC a eu lieu le 27 septembre 2025 au Centre Saint-Pierre \u00e0 Montr\u00e9al. Ce r\u00e9seau, ...<br \/><div class=\"pt-cv-rmwrap\"><a href=\"https:\/\/www.sociologie-clinique.org\/canada\/rqsc-reseau-quebecois-de-sociologie-clinique-symposium-de-fondation\/\" class=\"_self pt-cv-readmore btn btn-success\" target=\"_self\">...<\/a><\/div><\/div><\/div><\/div>\n<div class=\"col-md-4 col-sm-6 col-xs-12 pt-cv-content-item pt-cv-1-col\" ><div class='pt-cv-ifield'><a href=\"https:\/\/www.sociologie-clinique.org\/canada\/rqsc-reseau-quebecois-de-sociologie-clinique\/\" class=\"_self pt-cv-href-thumbnail pt-cv-thumb-default\" target=\"_self\" ><\/a>\n<h4 class=\"pt-cv-title\"><a href=\"https:\/\/www.sociologie-clinique.org\/canada\/rqsc-reseau-quebecois-de-sociologie-clinique\/\" class=\"_self\" target=\"_self\" >RQSC R\u00e9seau Qu\u00e9b\u00e9cois de Sociologie Clinique<\/a><\/h4>\n<div class=\"pt-cv-content\">R\u00e9seau reliant praticiennes, praticiens, enseignantes, enseignants, chercheures, chercheurs, formatrices, formateurs, \u00e9tudiantes. \u00e9tudiants et toutes personnes int\u00e9ress\u00e9es \u00e0 la sociologie clinique, ...<br \/><div class=\"pt-cv-rmwrap\"><a href=\"https:\/\/www.sociologie-clinique.org\/canada\/rqsc-reseau-quebecois-de-sociologie-clinique\/\" class=\"_self pt-cv-readmore btn btn-success\" target=\"_self\">...<\/a><\/div><\/div><\/div><\/div>\n<div class=\"col-md-4 col-sm-6 col-xs-12 pt-cv-content-item pt-cv-1-col\" ><div class='pt-cv-ifield'><a href=\"https:\/\/www.sociologie-clinique.org\/france\/programme-du-colloque-international-richesse-de-la-sociologie-clinique\/\" class=\"_self pt-cv-href-thumbnail pt-cv-thumb-default\" target=\"_self\" ><img loading=\"lazy\" decoding=\"async\" width=\"259\" height=\"250\" src=\"https:\/\/www.sociologie-clinique.org\/canada\/wp-content\/uploads\/sites\/5\/2018\/02\/risc_logo.png\" class=\"pt-cv-thumbnail\" alt=\"\" \/><\/a>\n<h4 class=\"pt-cv-title\"><a href=\"https:\/\/www.sociologie-clinique.org\/france\/programme-du-colloque-international-richesse-de-la-sociologie-clinique\/\" class=\"_self\" target=\"_self\" >Programme du colloque international \u00ab\u00a0Richesse de la sociologie clinique\u00a0\u00bb<\/a><\/h4>\n<div class=\"pt-cv-content\">Vue d'ensemble du programme Jour 1 : 16 juin 2025 (horaires \u00e0 l'heure de Paris, France) Liens ZOOM : ID ...<br \/><div class=\"pt-cv-rmwrap\"><a href=\"https:\/\/www.sociologie-clinique.org\/france\/programme-du-colloque-international-richesse-de-la-sociologie-clinique\/\" class=\"_self pt-cv-readmore btn btn-success\" target=\"_self\">...<\/a><\/div><\/div><\/div><\/div><\/div><\/div>\n<div class=\" pt-cv-pagination-wrapper\"><ul class=\"pt-cv-pagination pt-cv-ajax pagination\" data-totalpages=\"11\" data-currentpage=\"1\" data-sid=\"d8fa76brfq\" data-unid=\"\" data-isblock=\"\" data-postid=\"\"><li class=\"active\"><a href=\"#\">1<\/a><\/li>\n\t<li ><a class=\"\" href=\"https:\/\/www.sociologie-clinique.org\/canada\/wp-json\/wp\/v2\/pages\/27\/?_page=2\">2<\/a><\/li>\n\t<li ><a class=\"\" href=\"https:\/\/www.sociologie-clinique.org\/canada\/wp-json\/wp\/v2\/pages\/27\/?_page=3\">3<\/a><\/li>\n\t<li ><a href=\"#\">\u2026<\/a><\/li>\n\t<li ><a class=\"\" href=\"https:\/\/www.sociologie-clinique.org\/canada\/wp-json\/wp\/v2\/pages\/27\/?_page=11\">11<\/a><\/li>\n\t<li ><a class=\" \" href=\"https:\/\/www.sociologie-clinique.org\/canada\/wp-json\/wp\/v2\/pages\/27\/?_page=2\">&rsaquo;<\/a><\/li>\n\t<\/ul><img loading=\"lazy\" decoding=\"async\" width=\"15\" height=\"15\" class=\"pt-cv-spinner\" alt=\"Chargement\u2026\" src=\"data:image\/gif;base64,R0lGODlhDwAPALMPAMrKygwMDJOTkz09PZWVla+vr3p6euTk5M7OzuXl5TMzMwAAAJmZmWZmZszMzP\/\/\/yH\/C05FVFNDQVBFMi4wAwEAAAAh+QQFCgAPACwAAAAADwAPAAAEQvDJaZaZOIcV8iQK8VRX4iTYoAwZ4iCYoAjZ4RxejhVNoT+mRGP4cyF4Pp0N98sBGIBMEMOotl6YZ3S61Bmbkm4mAgAh+QQFCgAPACwAAAAADQANAAAENPDJSRSZeA418itN8QiK8BiLITVsFiyBBIoYqnoewAD4xPw9iY4XLGYSjkQR4UAUD45DLwIAIfkEBQoADwAsAAAAAA8ACQAABC\/wyVlamTi3nSdgwFNdhEJgTJoNyoB9ISYoQmdjiZPcj7EYCAeCF1gEDo4Dz2eIAAAh+QQFCgAPACwCAAAADQANAAAEM\/DJBxiYeLKdX3IJZT1FU0iIg2RNKx3OkZVnZ98ToRD4MyiDnkAh6BkNC0MvsAj0kMpHBAAh+QQFCgAPACwGAAAACQAPAAAEMDC59KpFDll73HkAA2wVY5KgiK5b0RRoI6MuzG6EQqCDMlSGheEhUAgqgUUAFRySIgAh+QQFCgAPACwCAAIADQANAAAEM\/DJKZNLND\/kkKaHc3xk+QAMYDKsiaqmZCxGVjSFFCxB1vwy2oOgIDxuucxAMTAJFAJNBAAh+QQFCgAPACwAAAYADwAJAAAEMNAs86q1yaWwwv2Ig0jUZx3OYa4XoRAfwADXoAwfo1+CIjyFRuEho60aSNYlOPxEAAAh+QQFCgAPACwAAAIADQANAAAENPA9s4y8+IUVcqaWJ4qEQozSoAzoIyhCK2NFU2SJk0hNnyEOhKR2AzAAj4Pj4GE4W0bkJQIAOw==\" \/><div class=\"clear pt-cv-clear-pagination\"><\/div><\/div><\/div><\/strong><\/p>\n<p>&nbsp;<\/p>\n","protected":false},"excerpt":{"rendered":"<p>&nbsp;<\/p>\n","protected":false},"author":1,"featured_media":0,"parent":0,"menu_order":0,"comment_status":"closed","ping_status":"closed","template":"","meta":{"footnotes":""},"class_list":["post-27","page","type-page","status-publish","hentry"],"_links":{"self":[{"href":"https:\/\/www.sociologie-clinique.org\/canada\/wp-json\/wp\/v2\/pages\/27","targetHints":{"allow":["GET"]}}],"collection":[{"href":"https:\/\/www.sociologie-clinique.org\/canada\/wp-json\/wp\/v2\/pages"}],"about":[{"href":"https:\/\/www.sociologie-clinique.org\/canada\/wp-json\/wp\/v2\/types\/page"}],"author":[{"embeddable":true,"href":"https:\/\/www.sociologie-clinique.org\/canada\/wp-json\/wp\/v2\/users\/1"}],"replies":[{"embeddable":true,"href":"https:\/\/www.sociologie-clinique.org\/canada\/wp-json\/wp\/v2\/comments?post=27"}],"version-history":[{"count":4,"href":"https:\/\/www.sociologie-clinique.org\/canada\/wp-json\/wp\/v2\/pages\/27\/revisions"}],"predecessor-version":[{"id":243,"href":"https:\/\/www.sociologie-clinique.org\/canada\/wp-json\/wp\/v2\/pages\/27\/revisions\/243"}],"wp:attachment":[{"href":"https:\/\/www.sociologie-clinique.org\/canada\/wp-json\/wp\/v2\/media?parent=27"}],"curies":[{"name":"wp","href":"https:\/\/api.w.org\/{rel}","templated":true}]}}