{"id":47,"date":"2018-02-23T17:10:41","date_gmt":"2018-02-23T16:10:41","guid":{"rendered":"https:\/\/www.sociologie-clinique.org\/en\/?page_id=47"},"modified":"2018-03-23T10:39:55","modified_gmt":"2018-03-23T09:39:55","slug":"elvia-taracena","status":"publish","type":"page","link":"https:\/\/www.sociologie-clinique.org\/en\/elvia-taracena\/","title":{"rendered":"Elvia Taracena"},"content":{"rendered":"<p id=\"tw-target-text\" class=\"tw-data-text tw-ta tw-text-medium\" dir=\"ltr\" data-placeholder=\"Traduction\"><em><strong><span lang=\"en\">Untranslated page<\/span><\/strong><\/em><\/p>\n<p style=\"text-align: justify;\">Apr\u00e8s Jacqueline Barus Michel, dont nous conservons la m\u00e9moire, une nouvelle disparition nous a frapp\u00e9 :<br \/>\n<img loading=\"lazy\" decoding=\"async\" class=\"size-full wp-image-148 alignleft\" src=\"https:\/\/www.sociologie-clinique.org\/wp-content\/uploads\/2018\/02\/elvia.png\" alt=\"\" width=\"200\" height=\"200\" \/>Elvia Taracena nous a quitt\u00e9 dans la nuit du 13 au 14 mai 2017. Elle a \u00e9t\u00e9 une pionni\u00e8re dans le d\u00e9veloppement de la sociologie clinique. Professeur \u00e0 l\u2019UNAM (Universit\u00e9 Autonome du Mexique), elle est venu en France pour son doctorat en sciences de l\u2019\u00e9ducation \u00e0 l\u2019Universit\u00e9 Paris 8. Pendant 25 ans, elle a accompagn\u00e9 les projets au sein du Laboratoire de changement social \u00e0 l\u2019Universit\u00e9 Paris Diderot en lien avec l\u2019Unam-Iztacala. Elle a particip\u00e9 \u00e0 la fondation de l\u2019Institut International de sociologie clinique au d\u00e9but des ann\u00e9es 2000, puis \u00e0 la cr\u00e9ation du R\u00e9seau International de Sociologie clinique en 2015. Dans ce cadre, elle a anim\u00e9 plusieurs groupes d\u2019implication et de recherche sur diff\u00e9rentes th\u00e9matiques (Roman familial et trajectoire sociale, roman amoureux et trajectoire sociale, histoires d\u2019argent, face \u00e0 la honte, Histoire de vie et m\u00e9moire corporelle) \u00e0 Paris, \u00e0 Mexico, \u00e0 Montr\u00e9al et en Argentine. Elle a succ\u00e9d\u00e9 \u00e0 la fin des ann\u00e9es 1990 \u00e0 Max Pag\u00e8s dans la co-animation du s\u00e9minaire \u201c\u00e9motions et histoire de vie\u201d avec moi. Les participants \u00e0 ces groupes ont toujours t\u00e9moign\u00e9 de la qualit\u00e9 de ses apports, de son \u00e9coute attentive et bienveillante, de ses comp\u00e9tences cliniques issues de sa pratique comme psychoth\u00e9rapeute et psychanalyste.<\/p>\n<p style=\"text-align: justify;\">Sa contribution pour diffuser la m\u00e9thodologie des r\u00e9cits de vie et la recherche qualitative dans les sciences sociales au Mexique a \u00e9t\u00e9 d\u00e9cisive. Elle \u00e9tait membre du comit\u00e9 \u00e9ditorial de la collection sociol\u00f2gia cl\u00ecnica.<\/p>\n<p style=\"text-align: justify;\">Nous garderons le souvenir d\u2019une coll\u00e8gue bienveillante, disponible, sachant concilier la rigueur de la chercheure, l\u2019\u00e9coute de la p\u00e9dagogue et l\u2019engagement de l\u2019organisatrice soucieuse du bien commun.<\/p>\n<p>Vincent de Gaulejac (22 mai 2017)<\/p>\n<h1>Elvia Taracena Ru\u00edz, in memoriam<\/h1>\n<p>Par Isabel Cerdeira: <a href=\"http:\/\/www.socioclinica.com\/elvia-taracena-ruiz-in-memoriam\/\">http:\/\/www.socioclinica.com\/elvia-taracena-ruiz-in-memoriam\/<\/a><\/p>\n","protected":false},"excerpt":{"rendered":"<p>Untranslated page Apr\u00e8s Jacqueline Barus Michel, dont nous conservons la m\u00e9moire, une nouvelle disparition nous a frapp\u00e9 : Elvia Taracena nous a quitt\u00e9 dans la nuit du 13 au 14 mai 2017. Elle a \u00e9t\u00e9 une pionni\u00e8re dans le d\u00e9veloppement de la sociologie clinique. Professeur \u00e0 l\u2019UNAM (Universit\u00e9 Autonome du Mexique), elle est venu en [&hellip;]<\/p>\n","protected":false},"author":1,"featured_media":0,"parent":0,"menu_order":0,"comment_status":"closed","ping_status":"closed","template":"","meta":{"footnotes":""},"class_list":["post-47","page","type-page","status-publish","hentry"],"_links":{"self":[{"href":"https:\/\/www.sociologie-clinique.org\/en\/wp-json\/wp\/v2\/pages\/47","targetHints":{"allow":["GET"]}}],"collection":[{"href":"https:\/\/www.sociologie-clinique.org\/en\/wp-json\/wp\/v2\/pages"}],"about":[{"href":"https:\/\/www.sociologie-clinique.org\/en\/wp-json\/wp\/v2\/types\/page"}],"author":[{"embeddable":true,"href":"https:\/\/www.sociologie-clinique.org\/en\/wp-json\/wp\/v2\/users\/1"}],"replies":[{"embeddable":true,"href":"https:\/\/www.sociologie-clinique.org\/en\/wp-json\/wp\/v2\/comments?post=47"}],"version-history":[{"count":4,"href":"https:\/\/www.sociologie-clinique.org\/en\/wp-json\/wp\/v2\/pages\/47\/revisions"}],"predecessor-version":[{"id":543,"href":"https:\/\/www.sociologie-clinique.org\/en\/wp-json\/wp\/v2\/pages\/47\/revisions\/543"}],"wp:attachment":[{"href":"https:\/\/www.sociologie-clinique.org\/en\/wp-json\/wp\/v2\/media?parent=47"}],"curies":[{"name":"wp","href":"https:\/\/api.w.org\/{rel}","templated":true}]}}