{"id":25,"date":"2018-03-15T23:05:31","date_gmt":"2018-03-15T22:05:31","guid":{"rendered":"https:\/\/www.sociologie-clinique.org\/haiti\/?page_id=25"},"modified":"2018-03-15T23:08:44","modified_gmt":"2018-03-15T22:08:44","slug":"publications","status":"publish","type":"page","link":"https:\/\/www.sociologie-clinique.org\/haiti\/publications\/","title":{"rendered":"Publications"},"content":{"rendered":"<div class=\"pt-cv-wrapper\"><div class=\"pt-cv-view pt-cv-grid pt-cv-colsys\" id=\"pt-cv-view-391c4d0h5c\"><div data-id=\"pt-cv-page-1\" class=\"pt-cv-page\" data-cvc=\"2\"><div class=\"col-md-6 col-sm-6 col-xs-12 pt-cv-content-item pt-cv-1-col\" ><div class='pt-cv-ifield'><a href=\"https:\/\/www.sociologie-clinique.org\/haiti\/2020\/10\/04\/actes-du-colloque-dire-je-dans-un-monde-qui-met-hors-jeu-la-construction-du-sujet-dans-un-contexte-hostile\/\" class=\"_self pt-cv-href-thumbnail pt-cv-thumb-default\" target=\"_self\" ><img loading=\"lazy\" decoding=\"async\" width=\"300\" height=\"69\" src=\"https:\/\/www.sociologie-clinique.org\/haiti\/wp-content\/uploads\/sites\/6\/2020\/10\/bandeau-colloque-haiti-300x69.png\" class=\"pt-cv-thumbnail\" alt=\"\" srcset=\"https:\/\/www.sociologie-clinique.org\/haiti\/wp-content\/uploads\/sites\/6\/2020\/10\/bandeau-colloque-haiti-300x69.png 300w, https:\/\/www.sociologie-clinique.org\/haiti\/wp-content\/uploads\/sites\/6\/2020\/10\/bandeau-colloque-haiti-768x176.png 768w, https:\/\/www.sociologie-clinique.org\/haiti\/wp-content\/uploads\/sites\/6\/2020\/10\/bandeau-colloque-haiti-1024x235.png 1024w, https:\/\/www.sociologie-clinique.org\/haiti\/wp-content\/uploads\/sites\/6\/2020\/10\/bandeau-colloque-haiti-700x161.png 700w, https:\/\/www.sociologie-clinique.org\/haiti\/wp-content\/uploads\/sites\/6\/2020\/10\/bandeau-colloque-haiti.png 1471w\" sizes=\"auto, (max-width: 300px) 100vw, 300px\" \/><\/a>\n<h4 class=\"pt-cv-title\"><a href=\"https:\/\/www.sociologie-clinique.org\/haiti\/2020\/10\/04\/actes-du-colloque-dire-je-dans-un-monde-qui-met-hors-jeu-la-construction-du-sujet-dans-un-contexte-hostile\/\" class=\"_self\" target=\"_self\" >Actes du colloque \u00ab\u00a0Dire \u00abJe\u00bb dans un monde qui met hors-jeu : la construction du sujet dans un contexte hostile\u00a0\u00bb<\/a><\/h4>\n<div class=\"pt-cv-content\">Programme d\u00e9taill\u00e9 <a href=\"https:\/\/www.sociologie-clinique.org\/haiti\/wp-content\/uploads\/sites\/6\/2020\/10\/1-Programme-RISC-avril-2019.pdf\" class=\"mtli_attachment mtli_pdf\">=&gt; Programme du colloque du RISC en Ha\u00efti, avril 2019<\/a> Communications Les textes des communications transmis par leurs ...<br \/><div class=\"pt-cv-rmwrap\"><a href=\"https:\/\/www.sociologie-clinique.org\/haiti\/2020\/10\/04\/actes-du-colloque-dire-je-dans-un-monde-qui-met-hors-jeu-la-construction-du-sujet-dans-un-contexte-hostile\/\" class=\"_self pt-cv-readmore btn btn-success\" target=\"_self\">\u2026<\/a><\/div><\/div><\/div><\/div>\n<div class=\"col-md-6 col-sm-6 col-xs-12 pt-cv-content-item pt-cv-1-col\" ><div class='pt-cv-ifield'><a href=\"https:\/\/www.sociologie-clinique.org\/haiti\/2015\/06\/29\/larticulation-des-rapports-sociaux-de-sexe-de-classe-et-de-race-dans-la-migration-et-le-travail-des-femmes-haitiennes\/\" class=\"_self pt-cv-href-thumbnail pt-cv-thumb-default\" target=\"_self\" ><\/a>\n<h4 class=\"pt-cv-title\"><a href=\"https:\/\/www.sociologie-clinique.org\/haiti\/2015\/06\/29\/larticulation-des-rapports-sociaux-de-sexe-de-classe-et-de-race-dans-la-migration-et-le-travail-des-femmes-haitiennes\/\" class=\"_self\" target=\"_self\" >L&rsquo;articulation des rapports sociaux de sexe, de classe et de race dans la migration et le travail des femmes ha\u00eftiennes<\/a><\/h4>\n<div class=\"pt-cv-content\">Th\u00e8se de Rose-Myrlie Joseph soutenue en 2015 &gt; <a href=\"https:\/\/www.theses.fr\/2015USPCC016\">pr\u00e9sentation de la th\u00e8se<\/a> ...<br \/><div class=\"pt-cv-rmwrap\"><a href=\"https:\/\/www.sociologie-clinique.org\/haiti\/2015\/06\/29\/larticulation-des-rapports-sociaux-de-sexe-de-classe-et-de-race-dans-la-migration-et-le-travail-des-femmes-haitiennes\/\" class=\"_self pt-cv-readmore btn btn-success\" target=\"_self\">\u2026<\/a><\/div><\/div><\/div><\/div>\n<div class=\"col-md-6 col-sm-6 col-xs-12 pt-cv-content-item pt-cv-1-col\" ><div class='pt-cv-ifield'><a href=\"https:\/\/www.sociologie-clinique.org\/haiti\/2011\/12\/22\/comment-devenir-jedans-un-monde-qui-vous-met-hors-jeu-le-defi-de-la-construction-dun-individu-sujet-chez-les-jeunes-du-bel-air-port-au-prince-haiti-de-1986-a-2006\/\" class=\"_self pt-cv-href-thumbnail pt-cv-thumb-default\" target=\"_self\" ><\/a>\n<h4 class=\"pt-cv-title\"><a href=\"https:\/\/www.sociologie-clinique.org\/haiti\/2011\/12\/22\/comment-devenir-jedans-un-monde-qui-vous-met-hors-jeu-le-defi-de-la-construction-dun-individu-sujet-chez-les-jeunes-du-bel-air-port-au-prince-haiti-de-1986-a-2006\/\" class=\"_self\" target=\"_self\" >Comment devenir \u00ab\u00a0je\u00a0\u00bbdans un monde qui vous met hors-jeu ? : Le d\u00e9fi de la construction d&rsquo;un individu &#8211; sujet chez les jeunes du Bel-Air (Port au Prince, Ha\u00efti) de 1986 \u00e0 2006<\/a><\/h4>\n<div class=\"pt-cv-content\">Th\u00e8se de Jean-Fran\u00e7ois Lenz soutenue en 2011. &gt; <a href=\"http:\/\/www.theses.fr\/2011PA070108\">pr\u00e9sentation de la th\u00e8se<\/a> ...<br \/><div class=\"pt-cv-rmwrap\"><a href=\"https:\/\/www.sociologie-clinique.org\/haiti\/2011\/12\/22\/comment-devenir-jedans-un-monde-qui-vous-met-hors-jeu-le-defi-de-la-construction-dun-individu-sujet-chez-les-jeunes-du-bel-air-port-au-prince-haiti-de-1986-a-2006\/\" class=\"_self pt-cv-readmore btn btn-success\" target=\"_self\">\u2026<\/a><\/div><\/div><\/div><\/div><\/div><\/div><\/div>\n","protected":false},"excerpt":{"rendered":"","protected":false},"author":1,"featured_media":0,"parent":0,"menu_order":0,"comment_status":"closed","ping_status":"closed","template":"","meta":{"footnotes":""},"class_list":["post-25","page","type-page","status-publish","hentry"],"_links":{"self":[{"href":"https:\/\/www.sociologie-clinique.org\/haiti\/wp-json\/wp\/v2\/pages\/25","targetHints":{"allow":["GET"]}}],"collection":[{"href":"https:\/\/www.sociologie-clinique.org\/haiti\/wp-json\/wp\/v2\/pages"}],"about":[{"href":"https:\/\/www.sociologie-clinique.org\/haiti\/wp-json\/wp\/v2\/types\/page"}],"author":[{"embeddable":true,"href":"https:\/\/www.sociologie-clinique.org\/haiti\/wp-json\/wp\/v2\/users\/1"}],"replies":[{"embeddable":true,"href":"https:\/\/www.sociologie-clinique.org\/haiti\/wp-json\/wp\/v2\/comments?post=25"}],"version-history":[{"count":2,"href":"https:\/\/www.sociologie-clinique.org\/haiti\/wp-json\/wp\/v2\/pages\/25\/revisions"}],"predecessor-version":[{"id":37,"href":"https:\/\/www.sociologie-clinique.org\/haiti\/wp-json\/wp\/v2\/pages\/25\/revisions\/37"}],"wp:attachment":[{"href":"https:\/\/www.sociologie-clinique.org\/haiti\/wp-json\/wp\/v2\/media?parent=25"}],"curies":[{"name":"wp","href":"https:\/\/api.w.org\/{rel}","templated":true}]}}